{"id":3054,"date":"2024-06-25T17:21:26","date_gmt":"2024-06-25T15:21:26","guid":{"rendered":"https:\/\/autriche.diplomatie.gov.bf\/?page_id=3054"},"modified":"2024-06-26T18:56:29","modified_gmt":"2024-06-26T16:56:29","slug":"les-actes-detat-civil","status":"publish","type":"page","link":"https:\/\/autriche.diplomatie.gov.bf\/index.php\/les-actes-detat-civil\/","title":{"rendered":"Les actes d\u2019\u00e9tat civil"},"content":{"rendered":"\t\t<div data-elementor-type=\"wp-page\" data-elementor-id=\"3054\" class=\"elementor elementor-3054\" data-elementor-post-type=\"page\">\n\t\t\t\t<div data-particle_enable=\"false\" data-particle-mobile-disabled=\"false\" class=\"elementor-element elementor-element-8a18270 e-con-full e-flex e-con e-parent\" data-id=\"8a18270\" data-element_type=\"container\" data-e-type=\"container\">\n\t\t\t\t<div class=\"elementor-element elementor-element-115024e elementor-widget elementor-widget-heading\" data-id=\"115024e\" data-element_type=\"widget\" data-e-type=\"widget\" data-widget_type=\"heading.default\">\n\t\t\t\t<div class=\"elementor-widget-container\">\n\t\t\t\t\t<h2 class=\"elementor-heading-title elementor-size-default\">La d\u00e9claration de naissances<\/h2>\t\t\t\t<\/div>\n\t\t\t\t<\/div>\n\t\t\t\t<div class=\"elementor-element elementor-element-26852d5 elementor-widget elementor-widget-text-editor\" data-id=\"26852d5\" data-element_type=\"widget\" data-e-type=\"widget\" data-widget_type=\"text-editor.default\">\n\t\t\t\t<div class=\"elementor-widget-container\">\n\t\t\t\t\t\t\t\t\t<p><span style=\"font-family: Liberation Serif, serif\"><span style=\"font-size: large\">La d\u00e9claration de naissance doit \u00eatre faite dans les deux (02) mois \u00e0 compter du jour de la naissance (Article 106 code des personnes et de la famille).<\/span><\/span><\/p><p><span style=\"font-family: Liberation Serif, serif\"><span style=\"font-size: large\">Elle donne lieu \u00e0 la d\u00e9livrance d\u2019une copie int\u00e9grale, d\u2019un acte de naissance et d\u2019un extrait. Elle est \u00e9tablie sur la base de la d\u00e9claration faite par l\u2019un des parents de l\u2019enfant ou par toute autre personne ayant assist\u00e9 \u00e0 la naissance de l\u2019enfant, sur pr\u00e9sentation d\u2019un document d\u2019identit\u00e9 du d\u00e9clarant.<\/span><\/span><\/p><p><span style=\"font-family: Liberation Serif, serif\"><span style=\"font-size: large\">Les pi\u00e8ces \u00e0 fournir pour une d\u00e9claration de naissance sont les suivantes :<\/span><\/span><\/p><ol><li><p><span style=\"font-family: Liberation Serif, serif\"><span style=\"font-size: large\">une (01) photocopie du document d\u2019identit\u00e9 du p\u00e8re et de la m\u00e8re; <\/span><\/span><\/p><\/li><li><p><span style=\"font-family: Liberation Serif, serif\"><span style=\"font-size: large\">Une (01) photocopie des actes de naissances de chacun des deux (2) parents <\/span><\/span><\/p><\/li><li><p><span style=\"font-family: Liberation Serif, serif\"><span style=\"font-size: large\">une (01) photocopie de l\u2019attestation de naissance d\u00e9livr\u00e9e par l\u2019h\u00f4pital ; <\/span><\/span><\/p><\/li><\/ol>\t\t\t\t\t\t\t\t<\/div>\n\t\t\t\t<\/div>\n\t\t\t\t<div class=\"elementor-element elementor-element-51548d8 elementor-widget-divider--separator-type-pattern elementor-widget-divider--view-line elementor-widget elementor-widget-divider\" data-id=\"51548d8\" data-element_type=\"widget\" data-e-type=\"widget\" data-widget_type=\"divider.default\">\n\t\t\t\t<div class=\"elementor-widget-container\">\n\t\t\t\t\t\t\t<div class=\"elementor-divider\" style=\"--divider-pattern-url: url(&quot;data:image\/svg+xml,%3Csvg xmlns=&#039;http:\/\/www.w3.org\/2000\/svg&#039; preserveAspectRatio=&#039;none&#039; overflow=&#039;visible&#039; height=&#039;100%&#039; viewBox=&#039;0 0 24 24&#039; fill=&#039;none&#039; stroke=&#039;black&#039; stroke-width=&#039;1&#039; stroke-linecap=&#039;square&#039; stroke-miterlimit=&#039;10&#039;%3E%3Cpolyline points=&#039;0,6 6,6 6,18 18,18 18,6 24,6 \t&#039;\/%3E%3C\/svg%3E&quot;);\">\n\t\t\t<span class=\"elementor-divider-separator\">\n\t\t\t\t\t\t<\/span>\n\t\t<\/div>\n\t\t\t\t\t\t<\/div>\n\t\t\t\t<\/div>\n\t\t\t\t<div class=\"elementor-element elementor-element-6ca92f8 elementor-widget elementor-widget-heading\" data-id=\"6ca92f8\" data-element_type=\"widget\" data-e-type=\"widget\" data-widget_type=\"heading.default\">\n\t\t\t\t<div class=\"elementor-widget-container\">\n\t\t\t\t\t<h2 class=\"elementor-heading-title elementor-size-default\">Le mariage<\/h2>\t\t\t\t<\/div>\n\t\t\t\t<\/div>\n\t\t\t\t<div class=\"elementor-element elementor-element-018b9b2 elementor-widget elementor-widget-heading\" data-id=\"018b9b2\" data-element_type=\"widget\" data-e-type=\"widget\" data-widget_type=\"heading.default\">\n\t\t\t\t<div class=\"elementor-widget-container\">\n\t\t\t\t\t<h2 class=\"elementor-heading-title elementor-size-default\">Composition du dossier<\/h2>\t\t\t\t<\/div>\n\t\t\t\t<\/div>\n\t\t\t\t<div class=\"elementor-element elementor-element-b4d97b5 elementor-widget elementor-widget-text-editor\" data-id=\"b4d97b5\" data-element_type=\"widget\" data-e-type=\"widget\" data-widget_type=\"text-editor.default\">\n\t\t\t\t<div class=\"elementor-widget-container\">\n\t\t\t\t\t\t\t\t\t<p>La demande de c\u00e9l\u00e9bration de mariage n\u00e9cessite la pr\u00e9sence des deux conjoints accompagn\u00e9s de leur t\u00e9moins de mariage. Ils devront remplir un formulaire et fournir un certain nombre de documents que sont:<\/p><p>1. une demande de mariage<\/p><p>2. certificat de publication ou non opposition<\/p><p>3. un extrait d\u2019acte de naissance ou photocopie l\u00e9galis\u00e9e de chacun des futurs \u00e9poux ou jugement suppl\u00e9tif (ou copie l\u00e9galis\u00e9e) en tenant lieu ;<\/p><p>4. une photocopie l\u00e9galis\u00e9e du document d\u2019identit\u00e9 (passeport ; CNIB ou CIC) de chacun des futurs \u00e9poux ;<\/p><p>5. un certificat de r\u00e9sidence de chacun des futurs \u00e9poux<\/p><p>6. un certificat de visite pr\u00e9nuptiale de chacun des futurs \u00e9poux d\u00e9livr\u00e9 par un m\u00e9decin;<\/p><p>7. une photocopie l\u00e9galis\u00e9e des documents d\u2019identit\u00e9s des t\u00e9moins;<\/p><p>8. un certificat de non grossesse <strong>s\u2019il y a lieu<\/strong>;<\/p><p>9. une autorisation administrative du sup\u00e9rieur hi\u00e9rarchique <strong>s\u2019il y a lieu;<\/strong><\/p><p>10. le consentement du p\u00e8re et de la m\u00e8re ; ou de l\u2019exer\u00e7ant de l\u2019autorit\u00e9 parentale <strong>s\u2019il y a lieu;<\/strong><\/p><p>11. le choix du r\u00e9gime matrimonial adopt\u00e9 par les futurs \u00e9poux et le cas \u00e9ch\u00e9ant un exemplaire du contrat de mariage;<\/p><p>12. le cas \u00e9ch\u00e9ant ; la d\u00e9claration d\u2019option de polygamie ant\u00e9rieurement au mariage.<\/p>\t\t\t\t\t\t\t\t<\/div>\n\t\t\t\t<\/div>\n\t\t\t\t<div class=\"elementor-element elementor-element-f3928fc elementor-widget elementor-widget-heading\" data-id=\"f3928fc\" data-element_type=\"widget\" data-e-type=\"widget\" data-widget_type=\"heading.default\">\n\t\t\t\t<div class=\"elementor-widget-container\">\n\t\t\t\t\t<h2 class=\"elementor-heading-title elementor-size-default\">D\u00e9lai de c\u00e9l\u00e9bration<\/h2>\t\t\t\t<\/div>\n\t\t\t\t<\/div>\n\t\t\t\t<div class=\"elementor-element elementor-element-2960770 elementor-widget elementor-widget-text-editor\" data-id=\"2960770\" data-element_type=\"widget\" data-e-type=\"widget\" data-widget_type=\"text-editor.default\">\n\t\t\t\t<div class=\"elementor-widget-container\">\n\t\t\t\t\t\t\t\t\t<p>La c\u00e9l\u00e9bration d&rsquo;un mariage doit \u00eatre faite au moins un (01) de la publication des bans.<\/p>\t\t\t\t\t\t\t\t<\/div>\n\t\t\t\t<\/div>\n\t\t\t\t<\/div>\n\t\t\t\t<\/div>\n\t\t","protected":false},"excerpt":{"rendered":"<p>\/*! elementor &#8211; v3.22.0 &#8211; 24-06-2024 *\/ .elementor-heading-title{padding:0;margin:0;line-height:1}.elementor-widget-heading .elementor-heading-title[class*=elementor-size-]&gt;a{color:inherit;font-size:inherit;line-height:inherit}.elementor-widget-heading .elementor-heading-title.elementor-size-small{font-size:15px}.elementor-widget-heading .elementor-heading-title.elementor-size-medium{font-size:19px}.elementor-widget-heading .elementor-heading-title.elementor-size-large{font-size:29px}.elementor-widget-heading .elementor-heading-title.elementor-size-xl{font-size:39px}.elementor-widget-heading .elementor-heading-title.elementor-size-xxl{font-size:59px} La d\u00e9claration de naissances La d\u00e9claration de naissance doit \u00eatre faite dans les deux (02) mois \u00e0 compter du jour de la naissance (Article 106 code des personnes et de la famille). Elle donne lieu \u00e0 la d\u00e9livrance d\u2019une copie int\u00e9grale, [&hellip;]<\/p>\n","protected":false},"author":4,"featured_media":0,"parent":0,"menu_order":0,"comment_status":"closed","ping_status":"closed","template":"","meta":{"_acf_changed":false,"_monsterinsights_skip_tracking":false,"_monsterinsights_sitenote_active":false,"_monsterinsights_sitenote_note":"","_monsterinsights_sitenote_category":0,"footnotes":""},"class_list":["post-3054","page","type-page","status-publish","hentry"],"acf":[],"_links":{"self":[{"href":"https:\/\/autriche.diplomatie.gov.bf\/index.php\/wp-json\/wp\/v2\/pages\/3054","targetHints":{"allow":["GET"]}}],"collection":[{"href":"https:\/\/autriche.diplomatie.gov.bf\/index.php\/wp-json\/wp\/v2\/pages"}],"about":[{"href":"https:\/\/autriche.diplomatie.gov.bf\/index.php\/wp-json\/wp\/v2\/types\/page"}],"author":[{"embeddable":true,"href":"https:\/\/autriche.diplomatie.gov.bf\/index.php\/wp-json\/wp\/v2\/users\/4"}],"replies":[{"embeddable":true,"href":"https:\/\/autriche.diplomatie.gov.bf\/index.php\/wp-json\/wp\/v2\/comments?post=3054"}],"version-history":[{"count":10,"href":"https:\/\/autriche.diplomatie.gov.bf\/index.php\/wp-json\/wp\/v2\/pages\/3054\/revisions"}],"predecessor-version":[{"id":3869,"href":"https:\/\/autriche.diplomatie.gov.bf\/index.php\/wp-json\/wp\/v2\/pages\/3054\/revisions\/3869"}],"wp:attachment":[{"href":"https:\/\/autriche.diplomatie.gov.bf\/index.php\/wp-json\/wp\/v2\/media?parent=3054"}],"curies":[{"name":"wp","href":"https:\/\/api.w.org\/{rel}","templated":true}]}}