{"id":3081,"date":"2024-06-25T17:38:58","date_gmt":"2024-06-25T15:38:58","guid":{"rendered":"https:\/\/autriche.diplomatie.gov.bf\/?page_id=3081"},"modified":"2024-10-24T17:41:48","modified_gmt":"2024-10-24T15:41:48","slug":"cooperation-bilaterale","status":"publish","type":"page","link":"https:\/\/autriche.diplomatie.gov.bf\/index.php\/cooperation-bilaterale\/","title":{"rendered":"Coop\u00e9ration bilat\u00e9rale"},"content":{"rendered":"\t\t<div data-elementor-type=\"wp-page\" data-elementor-id=\"3081\" class=\"elementor elementor-3081\" data-elementor-post-type=\"page\">\n\t\t\t\t<div data-particle_enable=\"false\" data-particle-mobile-disabled=\"false\" class=\"elementor-element elementor-element-1393346 e-flex e-con-boxed e-con e-parent\" data-id=\"1393346\" data-element_type=\"container\" data-e-type=\"container\">\n\t\t\t\t\t<div class=\"e-con-inner\">\n\t\t\t\t<div class=\"elementor-element elementor-element-8db981f elementor-widget elementor-widget-text-editor\" data-id=\"8db981f\" data-element_type=\"widget\" data-e-type=\"widget\" data-widget_type=\"text-editor.default\">\n\t\t\t\t<div class=\"elementor-widget-container\">\n\t\t\t\t\t\t\t\t\t<h5><strong>ASPECTS DE LA COOPERATION BILATERALE<\/strong><\/h5><p>La juridiction couvre sept pays :<\/p><h5><strong>1. La R\u00e9publique f\u00e9d\u00e9rale d\u2019Autriche<\/strong><\/h5><ul><li style=\"list-style-type: none;\"><ul><li>Le Burkina Faso entretient des relations diplomatiques avec la R\u00e9publique d\u2019Autriche depuis les ann\u00e9es 1960. Ces relations se sont consolid\u00e9es avec l\u2019ouverture officielle de la repr\u00e9sentation diplomatique en 1998. Son Excellence Madame Ma\u00efmounata OUATTARA est le septi\u00e8me Ambassadeur du Burkina Faso accr\u00e9dit\u00e9 aupr\u00e8s de la R\u00e9publique d\u2019Autriche.<\/li><li>L\u2019Autriche est une R\u00e9publique parlementaire fond\u00e9e sur les principes de la d\u00e9mocratie et caract\u00e9ris\u00e9e par une s\u00e9paration des pouvoirs. Le chef de l\u2019Etat est le Pr\u00e9sident f\u00e9d\u00e9ral (Bundespr\u00e4sident) qui est \u00e9lu pour 6 ans. Le Parlement est constitu\u00e9 de deux chambres, le Conseil national (Nationalrat) et le Conseil f\u00e9d\u00e9ral (Bundesrat). Elles d\u00e9tiennent le pouvoir l\u00e9gislatif. Le chancelier dirige le gouvernement f\u00e9d\u00e9ral.<\/li><li>Son Excellence Monsieur Alexander Van der Bellen en est le Pr\u00e9sident. Le Chancelier f\u00e9d\u00e9ral est Karl Nehammer.<\/li><li>Le Burkina Faso dispose deux consulats honoraires en R\u00e9publique d\u2019Autriche \u00e0 Vienne et \u00e0 Innsbruck.<\/li><li>Son Excellence Madame Ma\u00efmounata OUATTARA, nomm\u00e9e Ambassadeur Extraordinaire et Pl\u00e9nipotentiaire par D\u00e9cret N\u00b02023-0037\/PRES-TRANS\/PM\/MAECRBE du 30 janvier 2023, est arriv\u00e9e \u00e0 Vienne le 7 mars 2023, a pr\u00e9sent\u00e9 les copies figur\u00e9es de ses lettres de cr\u00e9ance au Secr\u00e9taire G\u00e9n\u00e9ral du Minist\u00e8re des Affaires europ\u00e9ennes et internationales le 16 mars 2023 et les Lettres de cr\u00e9ance au Pr\u00e9sident autrichien le 20 juin 2023.<\/li><\/ul><\/li><\/ul><p style=\"padding-left: 80px;\"><strong>Aper\u00e7u g\u00e9n\u00e9ral de la coop\u00e9ration <\/strong><\/p><p style=\"padding-left: 80px;\">La coop\u00e9ration entre le Burkina Faso et la R\u00e9publique F\u00e9d\u00e9rale d\u2019Autriche date des ann\u00e9es 1960. Elle est bas\u00e9e sur l\u2019Accord G\u00e9n\u00e9ral de Coop\u00e9ration \u00e9conomique, technique et sociale sign\u00e9 en 1991.<\/p><p style=\"padding-left: 80px;\">Les relations de coop\u00e9ration se sont renforc\u00e9es avec l\u2019ouverture en 1996 \u00e0 Ouagadougou d\u2019un Bureau de Coordination de la Coop\u00e9ration autrichienne pour le D\u00e9veloppement, l\u2019ouverture, en novembre 1997 de l\u2019Ambassade Repr\u00e9sentation Permanente du Burkina Faso \u00e0 Vienne et avec le choix du Burkina comme pays \u00e0 programme en 1999 par le Gouvernement autrichien.<\/p><p style=\"padding-left: 80px;\">L\u2019objectif principal de la coop\u00e9ration est d\u2019apporter une contribution \u00e0 la r\u00e9duction de la pauvret\u00e9 et de la vuln\u00e9rabilit\u00e9 de la population burkinab\u00e9, base g\u00e9n\u00e9rale de la Strat\u00e9gie de d\u00e9veloppement du Burkina Faso et des orientations de la Coop\u00e9ration Autrichienne.<\/p><p style=\"padding-left: 80px;\"><strong>Strat\u00e9gie de coop\u00e9ration<\/strong><\/p><p style=\"padding-left: 80px;\">Dans le cadre de la mise en \u0153uvre de l\u2019Accord G\u00e9n\u00e9ral de coop\u00e9ration entre nos deux pays, se tiennent alternativement au Burkina Faso et en Autriche des Consultations bilat\u00e9rales. Les premi\u00e8res se sont tenues en mai 2002 avec l\u2019adoption du Programme indicatif triennal de coop\u00e9ration (PIC) au cours desquelles l\u2019Autriche a mis \u00e0 la disposition du Burkina Faso une enveloppe de 9, 887 millions d\u2019euros.<\/p><p style=\"padding-left: 80px;\">En mai 2005 se sont tenues \u00e0 Vienne les 4\u00e8mes consultations bilat\u00e9rales avec l\u2019adoption du 2\u00e8me PIC (2005-2007) pour un montant de 13, 355 millions d\u2019euros soit environ 8,6 milliards de FCFA destin\u00e9s aux projets en cours et aux nouveaux. Le troisi\u00e8me Programme Indicatif de Coop\u00e9ration (PIC) austro-burkinab\u00e8 2008-2013 a \u00e9t\u00e9 adopt\u00e9 en mai 2008 pour une dur\u00e9e de six (06) ans.<\/p><p style=\"padding-left: 80px;\">Deux autres \u00ab Programme indicatif de coop\u00e9ration \u00bb ont \u00e9t\u00e9 sign\u00e9s. Il s\u2019agit du PIC 2008-2013 et celui 2014-2020. Le dernier Programme en cours d\u2019ex\u00e9cution, devenu Strat\u00e9gie Pays couvre la p\u00e9riode 2019-2025. Cette derni\u00e8re strat\u00e9gie oriente notre coop\u00e9ration bilat\u00e9rale au d\u00e9veloppement jusqu\u2019en 2025 et se base sur les objectifs strat\u00e9giques du plan national de d\u00e9veloppement \u00e9conomique et social PNDES 2016-2020.<\/p><p style=\"padding-left: 80px;\"><strong>Domaines et zones de coop\u00e9ration<\/strong><\/p><p style=\"padding-left: 80px;\">Le programme de coop\u00e9ration entre l\u2019Autriche et le Burkina apr\u00e8s s\u2019\u00eatre port\u00e9 au d\u00e9part sur l\u2019enseignement et la formation professionnelle, s\u2019est \u00e9largi aujourd\u2019hui au d\u00e9veloppement rural et \u00e0 d\u2019autres secteurs prioritaires de d\u00e9veloppement (l\u2019Artisanat, les Micros et Petites Entreprises).<\/p><p style=\"padding-left: 80px;\">Dans le cadre de cette coop\u00e9ration l\u2019Autriche a contribu\u00e9 \u00e0 la mise en place de l\u2019Institut Diplomatique des Relations Internationales du Burkina (IDRI) et s\u2019est engag\u00e9e \u00e0 collaborer \u00e0 son programme de formation.<\/p><p style=\"padding-left: 80px;\">En mati\u00e8re de d\u00e9centralisation, la soci\u00e9t\u00e9 civile autrichienne intervient activement au Burkina Faso. Une trentaine de structures interviennent dans le Socio communautaire (sant\u00e9, \u00e9ducation et hydraulique essentiellement).<\/p><p style=\"padding-left: 80px;\">Dans le domaine de la coop\u00e9ration militaire l\u2019accr\u00e9ditation en 2005 d\u2019un attach\u00e9 de d\u00e9fense aupr\u00e8s de l\u2019Autriche a permis la formulation d\u2019un projet de protocole d\u2019Accord en mati\u00e8re de formation militaire entre le Burkina Faso et l\u2019Autriche.<\/p><p style=\"padding-left: 80px;\">D\u2019autres secteurs d\u2019intervention du partenaire autrichien au Burkina Faso sont contenus dans le PIC. Ce sont :<\/p><p style=\"padding-left: 80px;\">&#8211;\u00a0\u00a0\u00a0\u00a0\u00a0\u00a0\u00a0\u00a0\u00a0\u00a0 l\u2019artisanat, les micros et petites entreprises ;<\/p><p style=\"padding-left: 80px;\">&#8211;\u00a0\u00a0\u00a0\u00a0\u00a0\u00a0\u00a0\u00a0\u00a0\u00a0 le d\u00e9veloppement rural durable ;<\/p><p style=\"padding-left: 80px;\">&#8211;\u00a0\u00a0\u00a0\u00a0\u00a0\u00a0\u00a0\u00a0\u00a0\u00a0 l\u2019enseignement et la formation techniques et professionnels ;<\/p><p style=\"padding-left: 80px;\">&#8211;\u00a0\u00a0\u00a0\u00a0\u00a0\u00a0\u00a0\u00a0\u00a0\u00a0 des Secteurs hors concentration comme le renforcement des capacit\u00e9s, notamment sous forme de bourses de formation.<\/p><p style=\"padding-left: 80px;\">S\u2019agissant des zones d\u2019intervention, le partenaire autrichien intervient principalement dans les r\u00e9gions du Grand Ouest (Hauts Bassins et Boucle du Mouhoun) et du Centre-Est. Certaines de ces interventions couvrent tout le territoire national burkinab\u00e8.<\/p><p style=\"padding-left: 80px;\"><strong>Coop\u00e9ration d\u00e9centralis\u00e9e <\/strong><\/p><p style=\"padding-left: 80px;\">Dans le cadre de la diversification des domaines de coop\u00e9ration, un accent a \u00e9t\u00e9 mis sur le d\u00e9veloppement de la coop\u00e9ration d\u00e9centralis\u00e9e. Ainsi, l\u2019Ambassadeur a visit\u00e9 les R\u00e9gions de l\u2019Autriche dont le Vorarlberg. Cette R\u00e9gion a en collaboration avec l\u2019Agence autrichienne de d\u00e9veloppement (ADA), financ\u00e9 un projet de \u00ab Formation professionnelle et formation dans les \u00e9nergies renouvelables au Burkina Faso \u00bb. Ce projet a fait l\u2019objet d\u2019une convention qui a \u00e9t\u00e9 sign\u00e9e le 30 octobre 2018 \u00e0 Vienne. D\u2019un montant total de 1 500 000 euros, soit environ 982 500 000 F CFA, cofinanc\u00e9 \u00e0 hauteur de 1 350 000 euros par la R\u00e9gion du Vorarlberg en Autriche et de 150 000 euros par l\u2019ADA, le projet couvre une p\u00e9riode de neuf (9) ans et s\u2019\u00e9tend de novembre 2018 \u00e0 d\u00e9cembre 2027.<\/p><p style=\"padding-left: 80px;\"><strong>Difficult\u00e9s<\/strong><\/p><p style=\"padding-left: 80px;\">La coop\u00e9ration entre le Burkina Faso et la R\u00e9publique d\u2019Autriche se passe sans probl\u00e8mes majeurs. Des rencontres informelles se tiennent entre la Direction G\u00e9n\u00e9rale de la Coop\u00e9ration et le Bureau de coordination bas\u00e9 \u00e0 Ouagadougou en vue d\u2019\u00e9changer sur la coop\u00e9ration et trouver des solutions aux difficult\u00e9s que rencontrent les unit\u00e9s de gestion des projets et programmes financ\u00e9s par le partenaire. C\u2019est le cas par exemple de certains projets avec le Minist\u00e8re de l\u2019Education nationale, de l\u2019Alphab\u00e9tisation et de la Promotion des langues nationales. En effet l\u2019absence de rapports p\u00e9riodiques de terrains a oblig\u00e9 l\u2019ADA \u00e0 cesser le d\u00e9blocage des fonds pour le financement des projets.<\/p><h5><strong>2. La Croatie <\/strong><\/h5><p style=\"padding-left: 40px;\">La R\u00e9publique de Croatie est un pays d&rsquo;Europe Centrale et du Sud. Elle est entour\u00e9e par la Slov\u00e9nie, la Hongrie, la Serbie, la Bosnie-Herz\u00e9govine et le Mont\u00e9n\u00e9gro.<\/p><p style=\"padding-left: 40px;\">Le syst\u00e8me politique croate est un r\u00e9gime parlementaire o\u00f9 le Premier ministre, issu de la majorit\u00e9 au Parlement, conduit la politique nationale et \u00e9trang\u00e8re et repr\u00e9sente la Croatie au Conseil europ\u00e9en. Le pr\u00e9sident de la R\u00e9publique est non ex\u00e9cutif, bien qu\u2019\u00e9lu au suffrage universel direct (h\u00e9ritage de la Constitution de 1991 modifi\u00e9 en 2000). Il est n\u00e9anmoins Commandant en chef des Forces arm\u00e9es, il \u00ab coop\u00e8re avec le Gouvernement pour \u00e9laborer et mettre en \u0153uvre la politique \u00e9trang\u00e8re \u00bb du pays et nomme les ambassadeurs, sur proposition du Gouvernement et apr\u00e8s contreseing du Premier ministre.<\/p><p style=\"padding-left: 40px;\">L\u2019\u00e9lection pr\u00e9sidentielle du 5 janvier 2020 a \u00e9t\u00e9 remport\u00e9e par Zoran Milanovi\u0107, dont la candidature avait \u00e9t\u00e9 pr\u00e9sent\u00e9e par le SDP (Parti social-d\u00e9mocrate croate, affili\u00e9 au Parti socialiste europ\u00e9en). Dans une campagne qui a largement \u00e9t\u00e9 domin\u00e9e par les d\u00e9bats m\u00e9moriels, M. Milanovi\u0107 a fait campagne sous le slogan d\u2019une \u00ab Croatie normale \u00bb et pro-europ\u00e9enne, face \u00e0 la pr\u00e9sidente sortante, Kolinda Grabar-Kitarovi\u0107 (HDZ, parti conservateur) qui n\u2019est pas parvenue \u00e0 rallier au second tour les partisans de Miroslav \u0160koro (nationaliste).<\/p><p style=\"padding-left: 40px;\">Le Burkina Faso a \u00e9tabli ses relations diplomatiques avec la R\u00e9publique de Croatie, le<\/p><p style=\"padding-left: 40px;\">18 mai 1995.<\/p><p style=\"padding-left: 40px;\">Les relations entre le Burkina Faso et la Croatie n\u2019existent qu\u2019au plan institutionnel et pourraient \u00eatre renforc\u00e9es par la mise place d\u2019un cadre juridique qui permettrait d\u2019identifier les secteurs de coop\u00e9ration.<\/p><h5><strong>3. La Hongrie <\/strong><\/h5><p style=\"padding-left: 40px;\">La Hongrie est un pays enclav\u00e9 de l\u2019Europe centrale. C\u2019est un pays \u00e0 revenu interm\u00e9diaire, ayant une position g\u00e9ographique de carrefour europ\u00e9en.<\/p><p style=\"padding-left: 40px;\">La Hongrie (Magyarorszag) est une r\u00e9publique parlementaire au Parlement monocam\u00e9ral. Le parlement comprend 199 \u00e9lus, renouvel\u00e9s tous les quatre ans. Actuellement, la coalition au pouvoir dispose de 133 si\u00e8ges qui lui permettent ainsi de disposer de la majorit\u00e9 constitutionnelle (deux tiers des si\u00e8ges) et de la possibilit\u00e9 de modifier la loi fondamentale.<\/p><p style=\"padding-left: 40px;\">Le r\u00e9gime parlementaire hongrois a \u00e9volu\u00e9 depuis une d\u00e9cennie vers un syst\u00e8me marqu\u00e9 par la pr\u00e9pond\u00e9rance du Premier ministre. Le Parlement, pour le renverser, doit d\u00e9signer simultan\u00e9ment son successeur. Le Pr\u00e9sident joue avant tout un r\u00f4le d\u2019arbitre et le Parlement monocam\u00e9ral doit partager certaines pr\u00e9rogatives (comme l\u2019initiative des lois) avec l\u2019ex\u00e9cutif.<\/p><p style=\"padding-left: 40px;\">Le Pr\u00e9sident de la R\u00e9publique est \u00e9lu par le parlement et n\u2019a pas de pouvoir ex\u00e9cutif. Apr\u00e8s la d\u00e9mission de la Pr\u00e9sidente de la R\u00e9publique, Mme Katalin Nov\u00e1k, en f\u00e9vrier 2024, \u00e0 la suite d\u2019un scandale concernant une gr\u00e2ce pr\u00e9sidentielle que cette derni\u00e8re avait accord\u00e9e dans une affaire li\u00e9e \u00e0 des actes de p\u00e9docriminalit\u00e9, M. Tam\u00e1s Sulyok a \u00e9t\u00e9 \u00e9lu Pr\u00e9sident et est entr\u00e9 en fonction le 5 mars 2024.<\/p><p style=\"padding-left: 40px;\">Le gouvernement hongrois est dirig\u00e9 par le premier ministre, M. Viktor Orb\u00e1n, revenu au pouvoir en 2010 apr\u00e8s un premier mandat entre 1998 et 2002. Il est \u00e0 la t\u00eate d\u2019une coalition associant son parti, le Fidesz, au parti populaire chr\u00e9tien-d\u00e9mocrate (KDNP). Cette coalition a \u00e9t\u00e9 reconduite pour la troisi\u00e8me fois \u00e0 la suite des \u00e9lections l\u00e9gislatives du 8 avril 2018. L\u2019opposition est compos\u00e9e de divers partis de gauche et de lib\u00e9raux, dont le parti socialiste hongrois (MSZP).<\/p><p style=\"padding-left: 40px;\">Le Burkina Faso et la Hongrie ont \u00e9tabli les relations diplomatiques par un Communiqu\u00e9 Conjoint sign\u00e9 le 8 juin 1968.<\/p><p style=\"padding-left: 40px;\">La coop\u00e9ration entre le Burkina Faso et ce pays, voisin de la Slovaquie, de la Pologne, de l\u2019Allemagne et de l\u2019Autriche, est encore au stade embryonnaire.<\/p><p style=\"padding-left: 40px;\">Toutefois les autorit\u00e9s burkinab\u00e8 ont entrepris de dynamiser le partenariat avec ce pays qui offre de r\u00e9elles potentialit\u00e9s notamment dans les domaines de l\u2019agriculture, de l\u2019\u00e9ducation et de la formation, de la technologie et de l\u2019innovation, et du commerce.<\/p><h5><strong>4. La R\u00e9publique Tch\u00e8que <\/strong><\/h5><p style=\"padding-left: 40px;\">La R\u00e9publique tch\u00e8que et la R\u00e9publique slovaque formaient l\u2019ancienne Tch\u00e9coslovaquie avant leur s\u00e9paration en deux pays distincts, le 31 d\u00e9cembre 1992. Une s\u00e9paration intervenue presque 75 ans apr\u00e8s la naissance (28 octobre 1918) de la Tch\u00e9coslovaquie sur les ruines de l\u2019Autriche-Hongrie.<\/p><p style=\"padding-left: 40px;\">Le scrutin pr\u00e9sidentiel de janvier 2023 a vu l\u2019\u00e9lection du g\u00e9n\u00e9ral Petr Pavel, ancien chef d\u2019Etat-major des Arm\u00e9es, face \u00e0 l\u2019ancien Premier ministre Andrej Babi\u0161. Petr Pavel, qui a pris officiellement ses fonctions le 9 mars 2023, a succ\u00e9d\u00e9 \u00e0 Milo\u0161 Zeman (2013-2023), V\u00e1clav Klaus (2003-2013) et V\u00e1clav Havel (1993-2003). Le pr\u00e9sident de la R\u00e9publique b\u00e9n\u00e9ficie de pr\u00e9rogatives constitutionnelles limit\u00e9es mais joue un r\u00f4le influent dans le d\u00e9bat public.<\/p><p style=\"padding-left: 40px;\">C\u2019est le Premier Ministre qui gouverne. Il est le chef de la coalition majoritaire du Parlement.<\/p><p style=\"padding-left: 40px;\">Le Parlement est compos\u00e9 de la Chambre des d\u00e9put\u00e9s (200 si\u00e8ges) et du S\u00e9nat (81 si\u00e8ges). Le gouvernement, dirig\u00e9 par Petr Fiala, a \u00e9t\u00e9 nomm\u00e9 par le Pr\u00e9sident Milo\u0161 Zeman le 17 d\u00e9cembre 2021 et a obtenu son vote de confiance parlementaire le 13 janvier 2022<\/p><p style=\"padding-left: 40px;\">La R\u00e9publique tch\u00e8que fait partie des pays \u00e9mergents de l\u2019Europe centrale, et offre l\u2019une des \u00e9conomies les plus industrialis\u00e9es et les plus d\u00e9velopp\u00e9es de la r\u00e9gion. Elle pr\u00e9sente de nombreuses potentialit\u00e9s en mati\u00e8re de coop\u00e9ration notamment aux plans politique, diplomatique, \u00e9conomique, s\u00e9curitaire, agricole, scientifique et culturel.<\/p><p style=\"padding-left: 40px;\">La coop\u00e9ration entre le Burkina Faso et ce pays, frontalier de l&rsquo;Autriche au nord-ouest, de la Slovaquie au nord, de l&rsquo;Ukraine au nord-est, de la Roumanie au sud-est, de la Serbie au sud, de la Croatie au sud-ouest et de la Slov\u00e9nie \u00e0 l&rsquo;ouest date de 2014 et est encore au stade embryonnaire.<\/p><p style=\"padding-left: 40px;\">Les autorit\u00e9s burkinab\u00e8 et tch\u00e8que ont montr\u00e9 leur ferme volont\u00e9 de relancer la coop\u00e9ration bilat\u00e9rale entre les deux pays dont les sillons ont \u00e9t\u00e9 trac\u00e9s \u00e0 la faveur de missions effectu\u00e9es de part et d\u2019autre. Les autorit\u00e9s burkinab\u00e8 ont entrepris de dynamiser le partenariat avec ce pays qui offre de r\u00e9elles potentialit\u00e9s notamment dans les domaines de la s\u00e9curit\u00e9, de la d\u00e9fense, de l\u2019agriculture et du commerce.<\/p><h5><strong>5. La Serbie <\/strong><\/h5><p style=\"padding-left: 40px;\">Etat de l\u2019Europe du Sud faisant partie des Balkans occidentaux et de l\u2019Europe centrale, la Serbie est issue de l\u2019\u00e9clatement de la Yougoslavie en 1991, de la s\u00e9paration avec le Mont\u00e9n\u00e9gro en 2006 et du Kosovo le 17 f\u00e9vrier 2008. La R\u00e9publique de Serbie partage ses fronti\u00e8res avec la Bosnie-Herz\u00e9govine, la Bulgarie, la Croatie, la Hongrie, le Mont\u00e9n\u00e9gro, la R\u00e9publique de Mac\u00e9doine et la Roumanie.<\/p><p style=\"padding-left: 40px;\">La Serbie est le plus \u00e9tendu et le plus peupl\u00e9 des Etats issus de la Yougoslavie. Elle s\u2019\u00e9tend sur une superficie de 88 361 km\u00b2. La R\u00e9publique de Serbie est une R\u00e9publique d\u00e9mocratique parlementaire, o\u00f9 le Pr\u00e9sident est le chef de l&rsquo;\u00c9tat et le Premier ministre est le chef du gouvernement.<\/p><p style=\"padding-left: 40px;\">Le pouvoir l\u00e9gislatif est exerc\u00e9 conjointement par le gouvernement et par l&rsquo;Assembl\u00e9e nationale. Selon les termes de la constitution serbe de 2006, le Pr\u00e9sident de la R\u00e9publique est \u00e9lu pour un mandat de cinq ans.<\/p><p style=\"padding-left: 40px;\">Le Parlement de Serbie, est constitu\u00e9 d&rsquo;une chambre unique, appel\u00e9e Assembl\u00e9e nationale. L&rsquo;Assembl\u00e9e est compos\u00e9e de 250 d\u00e9put\u00e9s, \u00e9lus au suffrage universel direct et \u00e0 scrutin de liste tous les quatre ans.<\/p><p style=\"padding-left: 40px;\">La coop\u00e9ration bilat\u00e9rale avec la Serbie est au stade embryonnaire. Toutefois les autorit\u00e9s burkinab\u00e8 ont entrepris de dynamiser le partenariat avec ce pays qui offre de r\u00e9elles potentialit\u00e9s. La Serbie poss\u00e8de Plusieurs complexes industriels : sid\u00e9rurgie, automobile (Zastava, Fiat Kragujevac, Iveco, Fabrika Automobila Priboj, Ikarbus, industrie Utva, construction de tracteurs et de machines agricoles Industrija Motora i Traktora et Rakovica, de pneus (Tigar Pirot), etc.<\/p><p style=\"padding-left: 40px;\">Le Burkina Faso travaille \u00e0 formaliser cette relation veille de 56 ans.<\/p><h5><strong>6. La Slovaquie <\/strong><\/h5><p style=\"padding-left: 40px;\">La R\u00e9publique slovaque est n\u00e9e de sa scission avec la R\u00e9publique tch\u00e8que qui mit fin \u00e0 l\u2019existence de la Tch\u00e9coslovaquie en 1993.<\/p><p style=\"padding-left: 40px;\">En effet, la Slovaquie a constitu\u00e9 avec la Boh\u00eame et la Moravie, de novembre 1918 au 31 d\u00e9cembre 1992, la Tch\u00e9coslovaquie, suite \u00e0 la signature du trait\u00e9 de Saint-Germain-en-Laye de 1919 qui a consacr\u00e9 la fin de la Premi\u00e8re Guerre mondiale.<\/p><p style=\"padding-left: 40px;\">Cette union politique, quelque peu artificielle, sera d\u00e9mantel\u00e9e par l\u2019Allemagne puis reconstitu\u00e9e. En 1939, l&rsquo;ind\u00e9pendance de la R\u00e9publique slovaque, dirig\u00e9e par Monseigneur Jozef Tiso, est proclam\u00e9e sous la pression d&rsquo;Hitler qui menace de donner le pays aux Hongrois. Apr\u00e8s moult p\u00e9rip\u00e9ties, la Slovaquie redevient ind\u00e9pendante le 1er janvier 1993. Le pays partage ses fronti\u00e8res avec la R\u00e9publique tch\u00e8que et l&rsquo;Autriche \u00e0 l&rsquo;ouest, la Pologne au nord, l&rsquo;Ukraine \u00e0 l&rsquo;est et la Hongrie au sud. La capitale de la R\u00e9publique slovaque est Bratislava.<\/p><p style=\"padding-left: 40px;\">L\u2019un des atouts de la Slovaquie est sa comp\u00e9titivit\u00e9 du fait de sa main d\u2019\u0153uvre qualifi\u00e9e. Des constructeurs d\u2019automobiles comme Volkswagen, Peugeot, ou encore Hyundai y ont implant\u00e9 des usines d\u2019assemblage, contribuant \u00e0 faire du secteur automobile l\u2019une des principales ressources du pays.<\/p><p style=\"padding-left: 40px;\">La coop\u00e9ration entre le Burkina Faso et ce pays d\u2019Europe centrale se dynamise progressivement et cible notamment les services, l\u2019industrie (sid\u00e9rurgie, raffinement d\u2019hydrocarbure et industrie automobile), le commerce, le tourisme, le transport, l\u2019\u00e9ducation, l\u2019enseignement sup\u00e9rieur, la recherche, la construction et l\u2019agriculture<\/p><h5><strong>7. La Slov\u00e9nie<\/strong><\/h5><p style=\"padding-left: 40px;\">La Slov\u00e9nie est un pays d\u2019Europe centrale. Bord\u00e9e par la mer adriatique, elle a pour voisins l\u2019Italie, l\u2019Autriche, la Hongrie et la Croatie. Elle faisait partie de la Yougoslavie avant d\u2019obtenir son ind\u00e9pendance le 25 juin 1991.<\/p><p style=\"padding-left: 40px;\">La R\u00e9publique de Slov\u00e9nie (Slovenija) est dirig\u00e9e par un chef de gouvernement, le Premier ministre, et par un chef d\u2019\u00c9tat, le pr\u00e9sident, qui est \u00e9lu au suffrage direct. Le gouvernement exerce l\u2019autorit\u00e9 ex\u00e9cutive et administrative. Le Premier ministre et les ministres sont \u00e9lus par le Parlement. La Slov\u00e9nie n\u2019est pas subdivis\u00e9e en r\u00e9gions mais en 212 municipalit\u00e9s.<\/p><p style=\"padding-left: 40px;\">Le Burkina Faso entretient des relations diplomatiques avec la R\u00e9publique de Slov\u00e9nie depuis le 28 mars 1995.<\/p><p style=\"padding-left: 40px;\">Sur invitation du Minist\u00e8re du commerce slov\u00e8ne, l\u2019ambassade participe chaque ann\u00e9e aux journ\u00e9es \u00e9conomiques de la Slov\u00e9nie. Sur le plan culturel, l\u2019Ambassade participe r\u00e9guli\u00e8rement aux journ\u00e9es de l\u2019Afrique en Slov\u00e9nie avec notamment la prestation d\u2019un groupe de musique traditionnelle burkinab\u00e8 et l\u2019animation d\u2019un stand d\u2019exposition de produits burkinab\u00e8.<\/p><p style=\"padding-left: 40px;\">Les autorit\u00e9s burkinab\u00e8 travaillent au renforcement de cette coop\u00e9ration tr\u00e8s prometteuse.<\/p>\t\t\t\t\t\t\t\t<\/div>\n\t\t\t\t<\/div>\n\t\t\t\t\t<\/div>\n\t\t\t\t<\/div>\n\t\t\t\t<\/div>\n\t\t","protected":false},"excerpt":{"rendered":"<p>ASPECTS DE LA COOPERATION BILATERALE La juridiction couvre sept pays : 1. La R\u00e9publique f\u00e9d\u00e9rale d\u2019Autriche Le Burkina Faso entretient des relations diplomatiques avec la R\u00e9publique d\u2019Autriche depuis les ann\u00e9es 1960. Ces relations se sont consolid\u00e9es avec l\u2019ouverture officielle de la repr\u00e9sentation diplomatique en 1998. Son Excellence Madame Ma\u00efmounata OUATTARA est le septi\u00e8me Ambassadeur du [&hellip;]<\/p>\n","protected":false},"author":4,"featured_media":0,"parent":0,"menu_order":0,"comment_status":"closed","ping_status":"closed","template":"elementor_header_footer","meta":{"_acf_changed":false,"_monsterinsights_skip_tracking":false,"_monsterinsights_sitenote_active":false,"_monsterinsights_sitenote_note":"","_monsterinsights_sitenote_category":0,"footnotes":""},"class_list":["post-3081","page","type-page","status-publish","hentry"],"acf":[],"_links":{"self":[{"href":"https:\/\/autriche.diplomatie.gov.bf\/index.php\/wp-json\/wp\/v2\/pages\/3081","targetHints":{"allow":["GET"]}}],"collection":[{"href":"https:\/\/autriche.diplomatie.gov.bf\/index.php\/wp-json\/wp\/v2\/pages"}],"about":[{"href":"https:\/\/autriche.diplomatie.gov.bf\/index.php\/wp-json\/wp\/v2\/types\/page"}],"author":[{"embeddable":true,"href":"https:\/\/autriche.diplomatie.gov.bf\/index.php\/wp-json\/wp\/v2\/users\/4"}],"replies":[{"embeddable":true,"href":"https:\/\/autriche.diplomatie.gov.bf\/index.php\/wp-json\/wp\/v2\/comments?post=3081"}],"version-history":[{"count":58,"href":"https:\/\/autriche.diplomatie.gov.bf\/index.php\/wp-json\/wp\/v2\/pages\/3081\/revisions"}],"predecessor-version":[{"id":5289,"href":"https:\/\/autriche.diplomatie.gov.bf\/index.php\/wp-json\/wp\/v2\/pages\/3081\/revisions\/5289"}],"wp:attachment":[{"href":"https:\/\/autriche.diplomatie.gov.bf\/index.php\/wp-json\/wp\/v2\/media?parent=3081"}],"curies":[{"name":"wp","href":"https:\/\/api.w.org\/{rel}","templated":true}]}}