{"id":3083,"date":"2024-06-25T17:39:38","date_gmt":"2024-06-25T15:39:38","guid":{"rendered":"https:\/\/autriche.diplomatie.gov.bf\/?page_id=3083"},"modified":"2024-10-24T17:41:04","modified_gmt":"2024-10-24T15:41:04","slug":"cooperation-multilaterale","status":"publish","type":"page","link":"https:\/\/autriche.diplomatie.gov.bf\/index.php\/cooperation-multilaterale\/","title":{"rendered":"Coop\u00e9ration multilat\u00e9rale"},"content":{"rendered":"\t\t<div data-elementor-type=\"wp-page\" data-elementor-id=\"3083\" class=\"elementor elementor-3083\" data-elementor-post-type=\"page\">\n\t\t\t\t<div data-particle_enable=\"false\" data-particle-mobile-disabled=\"false\" class=\"elementor-element elementor-element-6fdc448 e-flex e-con-boxed e-con e-parent\" data-id=\"6fdc448\" data-element_type=\"container\" data-e-type=\"container\">\n\t\t\t\t\t<div class=\"e-con-inner\">\n\t\t\t\t<div class=\"elementor-element elementor-element-b1705f2 elementor-widget elementor-widget-text-editor\" data-id=\"b1705f2\" data-element_type=\"widget\" data-e-type=\"widget\" data-widget_type=\"text-editor.default\">\n\t\t\t\t<div class=\"elementor-widget-container\">\n\t\t\t\t\t\t\t\t\t<p>La Mission permanente \u00e0 Vienne couvre plusieurs Organisations Internationales parmi lesquelles\u00a0:<\/p><h5><strong>L\u2019Agence Internationale de l\u2019Energie Atomique (AIEA)<\/strong><\/h5><p>Cr\u00e9\u00e9e en 1957, l\u2019Agence Internationale de l\u2019Energie Atomique (AIEA) est charg\u00e9e de promouvoir l\u2019utilisation des technologies nucl\u00e9aires \u00e0 des fins pacifiques et de limiter le d\u00e9veloppement de ses applications militaires. L\u2019Agence \u0153uvre \u00e0 la promotion d\u2019un usage de l\u2019atome en faveur de la paix et du d\u00e9veloppement, en favorisant notamment le partage des connaissances sur les technologies nucl\u00e9aires entre les Etats membres. Le Burkina Faso partage cette vision et travaille aux c\u00f4t\u00e9s de nombreux autres pays pour conf\u00e9rer \u00e0 l\u2019AIEA ses lettres de noblesse.<\/p><p>La coop\u00e9ration entre le Burkina Faso et l\u2019AIEA date de l\u2019adh\u00e9sion de notre pays \u00e0 cette Organisation, le 08 mai 1998, et se d\u00e9veloppe \u00e0 travers des projets initi\u00e9s aux niveaux national, r\u00e9gional et interr\u00e9gional. L\u2019assistance de l\u2019AIEA se traduit par le biais du Programme cadre national (PCN) qui est un document de r\u00e9f\u00e9rence de la planification des activit\u00e9s prioritaires nationales dans les court et moyen termes. Le PCN couvre les domaines de la sant\u00e9 humaine, de l\u2019agriculture et de l\u2019alimentation, de l\u2019\u00e9levage et de l\u2019infrastructure r\u00e8glementaire. Le Burkina Faso est membre du Conseil des Gouverneurs.<\/p><h5>\u00a0<\/h5><h5><strong>L\u2019Organisation des Nations-Unies pour le D\u00e9veloppement Industriel (ONUDI)<\/strong><\/h5><p>L\u2019Organisation des Nations-Unies pour le D\u00e9veloppement Industriel est une institution sp\u00e9cialis\u00e9e de l\u2019Organisation des Nations-Unies charg\u00e9e de promouvoir le d\u00e9veloppement industriel en vue de la r\u00e9duction de la pauvret\u00e9, de la mondialisation inclusive et de la sauvegarde d\u2019un environnement durable. Pour ce faire, elle \u0153uvre \u00e0 la promotion et \u00e0 l\u2019acc\u00e9l\u00e9ration du d\u00e9veloppement industriel durable des pays en d\u00e9veloppement et des \u00e9conomies en transition. L\u2019ONUDI dispose de trois Organes et Instances : la Conf\u00e9rence G\u00e9n\u00e9rale (CG), le Conseil du D\u00e9veloppement institutionnel (CDI) et le Comit\u00e9 du Programme et du Budget (CPB). Elle dispose aussi sur le terrain de plusieurs bureaux sp\u00e9cialis\u00e9s pour la promotion des investissements. Elle a \u00e9t\u00e9 cr\u00e9\u00e9e \u00e0 Vienne en 1966 et est devenue une agence sp\u00e9cialis\u00e9e de l&rsquo;ONU en 1985.<\/p><p>Le Burkina Faso a sign\u00e9 l\u2019Acte constitutif de l\u2019ONUDI, le 16 novembre 1979, et l\u2019a ratifi\u00e9, le 9 juillet 1982. Le pays a \u00e9t\u00e9 \u00e9lu en 2005 membre du CDI et du CPB. Il a \u00e9t\u00e9 r\u00e9\u00e9lu en d\u00e9cembre 2013 membre du CDI pour un mandat de quatre ans.<\/p><h5>\u00a0<\/h5><h5><strong>L\u2019Organisation du Trait\u00e9 d\u2019Interdiction Compl\u00e8te des Essais Nucl\u00e9aires (OTICE)<\/strong><\/h5><p>L\u2019Organisation du Trait\u00e9 d\u2019Interdiction Compl\u00e8te des Essais Nucl\u00e9aires est charg\u00e9e de la mise en \u0153uvre de ce Trait\u00e9 qui poursuit deux objectifs principaux. Il s\u2019agit d\u2019\u0153uvrer \u00e0 ce que chaque Etat partie s\u2019engage \u00e0 :<\/p><p>ne pas effectuer d\u2019explosion exp\u00e9rimentale d\u2019arme nucl\u00e9aire ou d\u2019autre explosion nucl\u00e9aire et \u00e0 interdire et emp\u00eacher toute explosion de cette nature en tout lieu plac\u00e9 sous sa juridiction ou son contr\u00f4le ;<\/p><p>s\u2019abstenir de provoquer ou d\u2019encourager l\u2019ex\u00e9cution (ou de participer de quelque mani\u00e8re que ce soit \u00e0 l\u2019ex\u00e9cution) de toute explosion exp\u00e9rimentale d\u2019arme nucl\u00e9aire ou de toute autre explosion nucl\u00e9aire.<\/p><p>Dans un monde o\u00f9 la recherche de la paix n\u2019est pas toujours la chose la mieux partag\u00e9e, le Burkina Faso fait partie des pays qui soutiennent l\u2019universalisation et l\u2019entr\u00e9e en vigueur du TICE, vingt ans apr\u00e8s sa signature officielle. Le Burkinab\u00e8 le Docteur Lassina Zerbo a d\u00e9j\u00e0 assum\u00e9 les fonctions de\u00a0 Secr\u00e9taire ex\u00e9cutif de l\u2019OTICE.<\/p><h5>\u00a0<\/h5><h5><strong>\u00a0L\u2019Office des Nations-Unies \u00e0 Vienne (ONUV) <\/strong><\/h5><p>L\u2019Office des Nations-Unies \u00e0 Vienne, cr\u00e9\u00e9 le 1er janvier 1980, est charg\u00e9 de la gestion et de l\u2019ex\u00e9cution du programme des Nations-Unies concernant les utilisations pacifiques de l\u2019espace. En tant qu\u2019entit\u00e9 du syst\u00e8me des Nations-Unies, elle fournit les services de conf\u00e9rence, d\u2019informations, de s\u00e9curit\u00e9 et de s\u00fbret\u00e9, d\u2019achat et d\u2019appui g\u00e9n\u00e9ral \u00e0 toutes les organisations bas\u00e9es au Centre International de Vienne.<\/p><p>\u00a0<\/p><h5><strong>L\u2019Office des Nations-Unies contre la Drogue et le Crime (ONUDC)<\/strong><\/h5><p>L\u2019Office des Nations-Unies contre la Drogue et le Crime (ONUDC), cr\u00e9\u00e9 en 1997, est \u00e0 la t\u00eate de la lutte mondiale contre les drogues illicites et la criminalit\u00e9 internationale. Il est charg\u00e9 d\u2019appliquer le programme des Nations-Unies contre le terrorisme. L\u2019ONUDC s\u2019emploie \u00e9galement \u00e0 am\u00e9liorer la pr\u00e9vention du crime et \u00e0 contribuer \u00e0 la r\u00e9forme du syst\u00e8me p\u00e9nal afin de renforcer l\u2019\u00e9tat de droit, de promouvoir des syst\u00e8mes de justice p\u00e9nale stables et viables et de lutter contre les menaces croissantes que sont la criminalit\u00e9 transnationale organis\u00e9e et la corruption.<\/p><p>\u00a0<\/p><h5><strong>L\u2019Acad\u00e9mie Internationale Anti-corruption (AIAC)<\/strong><\/h5><p>L\u2019Acad\u00e9mie Internationale Anti- Corruption (IACA en anglais) a \u00e9t\u00e9 fond\u00e9e sur initiative de l\u2019Office des Nations-Unies contre la drogue et le crime (UNODC), la R\u00e9publique d\u2019Autriche et l\u2019Office europ\u00e9en de lutte antifraude (OLAF). Elle est l\u2019une des six organisations internationales et instances sp\u00e9cialis\u00e9es des Nations-Unies bas\u00e9es \u00e0 Vienne en Autriche, avec laquelle le Burkina Faso entretient des relations multilat\u00e9rales.<\/p><p>Cette jeune organisation a \u00e9t\u00e9 cr\u00e9\u00e9e le 8 mars 2011 et compte actuellement 71 \u00c9tats membres. Elle contribue \u00e0 la lutte contre la corruption et dispense des formations de haut niveau aux professionnels et aux praticiens de tous les secteurs de la soci\u00e9t\u00e9. C\u2019est en juin 2013 que le Burkina Faso a ratifi\u00e9 l\u2019agr\u00e9ment d\u2019\u00e9tablissement de l\u2019IACA en tant qu\u2019organisation internationale.<\/p>\t\t\t\t\t\t\t\t<\/div>\n\t\t\t\t<\/div>\n\t\t\t\t\t<\/div>\n\t\t\t\t<\/div>\n\t\t\t\t<\/div>\n\t\t","protected":false},"excerpt":{"rendered":"<p>La Mission permanente \u00e0 Vienne couvre plusieurs Organisations Internationales parmi lesquelles\u00a0: L\u2019Agence Internationale de l\u2019Energie Atomique (AIEA) Cr\u00e9\u00e9e en 1957, l\u2019Agence Internationale de l\u2019Energie Atomique (AIEA) est charg\u00e9e de promouvoir l\u2019utilisation des technologies nucl\u00e9aires \u00e0 des fins pacifiques et de limiter le d\u00e9veloppement de ses applications militaires. L\u2019Agence \u0153uvre \u00e0 la promotion d\u2019un usage de [&hellip;]<\/p>\n","protected":false},"author":4,"featured_media":0,"parent":0,"menu_order":0,"comment_status":"closed","ping_status":"closed","template":"elementor_header_footer","meta":{"_acf_changed":false,"_monsterinsights_skip_tracking":false,"_monsterinsights_sitenote_active":false,"_monsterinsights_sitenote_note":"","_monsterinsights_sitenote_category":0,"footnotes":""},"class_list":["post-3083","page","type-page","status-publish","hentry"],"acf":[],"_links":{"self":[{"href":"https:\/\/autriche.diplomatie.gov.bf\/index.php\/wp-json\/wp\/v2\/pages\/3083","targetHints":{"allow":["GET"]}}],"collection":[{"href":"https:\/\/autriche.diplomatie.gov.bf\/index.php\/wp-json\/wp\/v2\/pages"}],"about":[{"href":"https:\/\/autriche.diplomatie.gov.bf\/index.php\/wp-json\/wp\/v2\/types\/page"}],"author":[{"embeddable":true,"href":"https:\/\/autriche.diplomatie.gov.bf\/index.php\/wp-json\/wp\/v2\/users\/4"}],"replies":[{"embeddable":true,"href":"https:\/\/autriche.diplomatie.gov.bf\/index.php\/wp-json\/wp\/v2\/comments?post=3083"}],"version-history":[{"count":24,"href":"https:\/\/autriche.diplomatie.gov.bf\/index.php\/wp-json\/wp\/v2\/pages\/3083\/revisions"}],"predecessor-version":[{"id":5286,"href":"https:\/\/autriche.diplomatie.gov.bf\/index.php\/wp-json\/wp\/v2\/pages\/3083\/revisions\/5286"}],"wp:attachment":[{"href":"https:\/\/autriche.diplomatie.gov.bf\/index.php\/wp-json\/wp\/v2\/media?parent=3083"}],"curies":[{"name":"wp","href":"https:\/\/api.w.org\/{rel}","templated":true}]}}