{"id":4651,"date":"2024-07-26T11:05:41","date_gmt":"2024-07-26T09:05:41","guid":{"rendered":"https:\/\/autriche.diplomatie.gov.bf\/?page_id=4651"},"modified":"2024-10-24T17:14:49","modified_gmt":"2024-10-24T15:14:49","slug":"informations","status":"publish","type":"page","link":"https:\/\/autriche.diplomatie.gov.bf\/index.php\/informations\/","title":{"rendered":"Informations"},"content":{"rendered":"\t\t<div data-elementor-type=\"wp-page\" data-elementor-id=\"4651\" class=\"elementor elementor-4651\" data-elementor-post-type=\"page\">\n\t\t\t\t<div data-particle_enable=\"false\" data-particle-mobile-disabled=\"false\" class=\"elementor-element elementor-element-74e3b7d e-flex e-con-boxed e-con e-parent\" data-id=\"74e3b7d\" data-element_type=\"container\" data-e-type=\"container\">\n\t\t\t\t\t<div class=\"e-con-inner\">\n\t\t\t\t<div class=\"elementor-element elementor-element-fa8b9c7 elementor-widget elementor-widget-text-editor\" data-id=\"fa8b9c7\" data-element_type=\"widget\" data-e-type=\"widget\" data-widget_type=\"text-editor.default\">\n\t\t\t\t<div class=\"elementor-widget-container\">\n\t\t\t\t\t\t\t\t\t<ul><li><h5><strong>REPUBLIQUE FEDERALE D\u2019AUTRICHE<\/strong><\/h5><ul><li>La diaspora burkinab\u00e8 en Autriche est \u00e9valu\u00e9e \u00e0 une centaine de personnes. Elle est en grande majorit\u00e9 compos\u00e9e de techniciens et d\u2019ing\u00e9nieurs exer\u00e7ant dans des entreprises autrichiennes, de fonctionnaires internationaux employ\u00e9s dans les Organisations internationales bas\u00e9es \u00e0 Vienne ainsi que de quelques \u00e9tudiants. Une partie de cette diaspora, totalement int\u00e9gr\u00e9e dans la soci\u00e9t\u00e9 autrichienne, a suivi une formation initiale au Centre Austro-burkinab\u00e8, aujourd\u2019hui Lyc\u00e9e professionnel Dr Bruno BUCHWIESER.<\/li><li>Depuis 1995, elle est regroup\u00e9e au sein d\u2019une fa\u00eeti\u00e8re d\u00e9nomm\u00e9e Association des Ressortissants burkinab\u00e8 en Autriche (ARBA). L\u2019Association m\u00e8ne des activit\u00e9s de promotion culturelle et \u00e9conomique et apporte sa contribution au d\u00e9veloppement du Burkina Faso.<\/li><\/ul><\/li><li><h5><strong>REPUBLIQUE DE SLOVENIE<\/strong><\/h5><ul><li>Une dizaine de ressortissants burkinab\u00e8 vit en Slov\u00e9nie. En 2023, elle s\u2019est organis\u00e9 en Association KANKELE. Une jeune association qui entend promouvoir la culture burkinab\u00e8 et contribuer au d\u00e9veloppement du Burkina Faso.<\/li><\/ul><\/li><li><h5><strong>REPUBLIQUE TCHEQUE<\/strong><\/h5><ul><li>Le nombre de ressortissants burkinab\u00e8 est estim\u00e9 \u00e0 sept (7).<\/li><li>Dans les autres pays de la juridiction (R\u00e9publique de Croatie, de Hongrie, de Slovaquie et de Serbie, le nombre estim\u00e9 de ressortissants burkinab\u00e8 ne d\u00e9passe pas cinq (5).<\/li><\/ul><\/li><\/ul>\t\t\t\t\t\t\t\t<\/div>\n\t\t\t\t<\/div>\n\t\t\t\t\t<\/div>\n\t\t\t\t<\/div>\n\t\t\t\t<\/div>\n\t\t","protected":false},"excerpt":{"rendered":"<p>REPUBLIQUE FEDERALE D\u2019AUTRICHE La diaspora burkinab\u00e8 en Autriche est \u00e9valu\u00e9e \u00e0 une centaine de personnes. Elle est en grande majorit\u00e9 compos\u00e9e de techniciens et d\u2019ing\u00e9nieurs exer\u00e7ant dans des entreprises autrichiennes, de fonctionnaires internationaux employ\u00e9s dans les Organisations internationales bas\u00e9es \u00e0 Vienne ainsi que de quelques \u00e9tudiants. Une partie de cette diaspora, totalement int\u00e9gr\u00e9e dans la [&hellip;]<\/p>\n","protected":false},"author":9,"featured_media":0,"parent":0,"menu_order":0,"comment_status":"closed","ping_status":"closed","template":"elementor_header_footer","meta":{"_acf_changed":false,"_monsterinsights_skip_tracking":false,"_monsterinsights_sitenote_active":false,"_monsterinsights_sitenote_note":"","_monsterinsights_sitenote_category":0,"footnotes":""},"class_list":["post-4651","page","type-page","status-publish","hentry"],"acf":[],"_links":{"self":[{"href":"https:\/\/autriche.diplomatie.gov.bf\/index.php\/wp-json\/wp\/v2\/pages\/4651","targetHints":{"allow":["GET"]}}],"collection":[{"href":"https:\/\/autriche.diplomatie.gov.bf\/index.php\/wp-json\/wp\/v2\/pages"}],"about":[{"href":"https:\/\/autriche.diplomatie.gov.bf\/index.php\/wp-json\/wp\/v2\/types\/page"}],"author":[{"embeddable":true,"href":"https:\/\/autriche.diplomatie.gov.bf\/index.php\/wp-json\/wp\/v2\/users\/9"}],"replies":[{"embeddable":true,"href":"https:\/\/autriche.diplomatie.gov.bf\/index.php\/wp-json\/wp\/v2\/comments?post=4651"}],"version-history":[{"count":7,"href":"https:\/\/autriche.diplomatie.gov.bf\/index.php\/wp-json\/wp\/v2\/pages\/4651\/revisions"}],"predecessor-version":[{"id":5269,"href":"https:\/\/autriche.diplomatie.gov.bf\/index.php\/wp-json\/wp\/v2\/pages\/4651\/revisions\/5269"}],"wp:attachment":[{"href":"https:\/\/autriche.diplomatie.gov.bf\/index.php\/wp-json\/wp\/v2\/media?parent=4651"}],"curies":[{"name":"wp","href":"https:\/\/api.w.org\/{rel}","templated":true}]}}